{"id":11186,"date":"2022-03-15T01:37:47","date_gmt":"2022-03-15T04:37:47","guid":{"rendered":"http:\/\/www.mecmaq.com.br\/?page_id=11186"},"modified":"2025-02-19T08:11:29","modified_gmt":"2025-02-19T11:11:29","slug":"trabalhe-conosco","status":"publish","type":"page","link":"https:\/\/www.mecmaq.com.br\/en\/trabalhe-conosco\/","title":{"rendered":"Work with us"},"content":{"rendered":"<h2 style=\"text-align: left; padding-left: 40px;\">Work with us<\/h2>\n<p style=\"padding-left: 40px;\">Come join our team! Send us your resume in PDF and fill out the form below.<\/p>\n<h3 style=\"text-align: left; padding-left: 40px;\">Email<\/h3>\n<p style=\"padding-left: 40px;\"><a href=\"mailto:recursoshumanos@mecmaq.com.br\">recursoshumanos@mecmaq.com.br <\/a><\/p>\n<p style=\"text-align: center;\">\n<div class=\"wpcf7 no-js\" id=\"wpcf7-f11188-o1\" lang=\"pt-BR\" dir=\"ltr\" data-wpcf7-id=\"11188\">\n<div class=\"screen-reader-response\"><p role=\"status\" aria-live=\"polite\" aria-atomic=\"true\"><\/p> <ul><\/ul><\/div>\n<form action=\"\/en\/wp-json\/wp\/v2\/pages\/11186#wpcf7-f11188-o1\" method=\"post\" class=\"wpcf7-form init\" aria-label=\"Formul\u00e1rios de contato\" enctype=\"multipart\/form-data\" novalidate=\"novalidate\" data-status=\"init\" data-trp-original-action=\"\/en\/wp-json\/wp\/v2\/pages\/11186#wpcf7-f11188-o1\">\n<fieldset class=\"hidden-fields-container\"><input type=\"hidden\" name=\"_wpcf7\" value=\"11188\" \/><input type=\"hidden\" name=\"_wpcf7_version\" value=\"6.1.4\" \/><input type=\"hidden\" name=\"_wpcf7_locale\" value=\"pt_BR\" \/><input type=\"hidden\" name=\"_wpcf7_unit_tag\" value=\"wpcf7-f11188-o1\" \/><input type=\"hidden\" name=\"_wpcf7_container_post\" value=\"0\" \/><input type=\"hidden\" name=\"_wpcf7_posted_data_hash\" value=\"\" \/><input type=\"hidden\" name=\"_wpcf7dtx_version\" value=\"5.0.3\" \/><input type=\"hidden\" name=\"_wpcf7_recaptcha_response\" value=\"\" \/>\n<\/fieldset>\n<div class=\"row\">\n   <div class=\"col-sm-6 col-xs-6\"><span class=\"wpcf7-form-control-wrap\" data-name=\"interesse\"><select class=\"wpcf7-form-control wpcf7-select wpcf7-validates-as-required form-control\" aria-required=\"true\" aria-invalid=\"false\" name=\"interesse\"><option value=\"\u00c1rea de interesse\">Area of interest<\/option><option value=\"Administra\u00e7\u00e3o\">Administration<\/option><option value=\"Almoxarifado\/Expedi\u00e7\u00e3o\">Warehouse\/Dispatch<\/option><option value=\"Aprendiz\">Apprentice<\/option><option value=\"Caldeiraria\">Boilermaking<\/option><option value=\"El\u00e9trica\">Electric<\/option><option value=\"Engenharia\">Engineering<\/option><option value=\"Est\u00e1gio\">Internship<\/option><option value=\"Montagem\">Mounting<\/option><option value=\"PCP\">PCP<\/option><option value=\"Pintura\">Painting<\/option><option value=\"Produ\u00e7\u00e3o\">Production<\/option><option value=\"Usinagem\">Machining<\/option><\/select><\/span><\/div>\n   <div class=\"col-sm-6 col-xs-6\"><span class=\"wpcf7-form-control-wrap\" data-name=\"interesse2\"><select class=\"wpcf7-form-control wpcf7-select wpcf7-validates-as-required form-control\" aria-required=\"true\" aria-invalid=\"false\" name=\"interesse2\"><option value=\"\u00c1rea de interesse (2\u00ba op\u00e7\u00e3o)\">Area of interest (2\u00b0option)<\/option><option value=\"Administra\u00e7\u00e3o\">Administration<\/option><option value=\"Almoxarifado\/Expedi\u00e7\u00e3o\">Warehouse\/Dispatch<\/option><option value=\"Aprendiz\">Apprentice<\/option><option value=\"Caldeiraria\">Boilermaking<\/option><option value=\"El\u00e9trica\">Electric<\/option><option value=\"Engenharia\">Engineering<\/option><option value=\"Est\u00e1gio\">Internship<\/option><option value=\"Montagem\">Mounting<\/option><option value=\"PCP\">PCP<\/option><option value=\"Pintura\">Painting<\/option><option value=\"Produ\u00e7\u00e3o\">Production<\/option><option value=\"Usinagem\">Machining<\/option><\/select><\/span><\/div>\n<\/div>\n<div class=\"row\">\n   <div class=\"col-sm-6 col-xs-6\"><span class=\"wpcf7-form-control-wrap\" data-name=\"nome\"><input size=\"40\" maxlength=\"400\" class=\"wpcf7-form-control wpcf7-text wpcf7-validates-as-required form-control\" aria-required=\"true\" aria-invalid=\"false\" placeholder=\"Full name*\" value=\"\" type=\"text\" name=\"nome\" \/><\/span><\/div>\n   <div class=\"col-sm-6 col-xs-12\"><span class=\"wpcf7-form-control-wrap\" data-name=\"email\"><input size=\"40\" maxlength=\"400\" class=\"wpcf7-form-control wpcf7-email wpcf7-validates-as-required wpcf7-text wpcf7-validates-as-email form-control\" aria-required=\"true\" aria-invalid=\"false\" placeholder=\"Email*\" value=\"\" type=\"email\" name=\"email\" \/><\/span><\/div>\n<\/div>\n<div class=\"row\">\n   <div class=\"col-sm-6 col-xs-12\"><span class=\"wpcf7-form-control-wrap\" data-name=\"telefone\"><input size=\"40\" maxlength=\"400\" class=\"wpcf7-form-control wpcf7-text wpcf7-validates-as-required form-control\" aria-required=\"true\" aria-invalid=\"false\" placeholder=\"Telephone*\" value=\"\" type=\"text\" name=\"telefone\" \/><\/span><\/div>\n<\/div>\n<div class=\"row\">\n   <div class=\"col-sm-6 col-xs-12\"><span class=\"wpcf7-form-control-wrap\" data-name=\"cidade\"><input size=\"40\" maxlength=\"400\" class=\"wpcf7-form-control wpcf7-text wpcf7-validates-as-required form-control\" aria-required=\"true\" aria-invalid=\"false\" placeholder=\"City*\" value=\"\" type=\"text\" name=\"cidade\" \/><\/span><\/div>\n   <div class=\"col-sm-6 col-xs-12\"><span class=\"wpcf7-form-control-wrap\" data-name=\"estado\"><input size=\"40\" maxlength=\"400\" class=\"wpcf7-form-control wpcf7-text wpcf7-validates-as-required form-control\" aria-required=\"true\" aria-invalid=\"false\" placeholder=\"State*\" value=\"\" type=\"text\" name=\"estado\" \/><\/span><\/div>\n<\/div>\n<div class=\"row\">\n   <div class=\"col-sm-12 col-xs-12\"><label>Upload resume<\/label><span class=\"wpcf7-form-control-wrap\" data-name=\"pdf\"><input size=\"40\" class=\"wpcf7-form-control wpcf7-file wpcf7-validates-as-required form-control\" accept=\"audio\/*,video\/*,image\/*\" aria-required=\"true\" aria-invalid=\"false\" type=\"file\" name=\"pdf\" \/><\/span><\/div>\n<\/div>\n<div class=\"row\">\n   <div class=\"col-sm-12 col-xs-12\"><span class=\"wpcf7-form-control-wrap\" data-name=\"mensagem\"><textarea cols=\"40\" rows=\"10\" maxlength=\"2000\" class=\"wpcf7-form-control wpcf7-textarea wpcf7-validates-as-required form-control\" aria-required=\"true\" aria-invalid=\"false\" placeholder=\"Your message*\" name=\"mensagem\"><\/textarea><\/span> <\/div>\n<\/div>\n<div class=\"row\">\n   <div class=\"col-sm-12 col-xs-12\"><span class=\"wpcf7-form-control-wrap\" data-name=\"termos\"><span class=\"wpcf7-form-control wpcf7-checkbox wpcf7-validates-as-required\"><span class=\"wpcf7-list-item first last\"><label><input type=\"checkbox\" name=\"termos[]\" value=\"Autorizo a Mecmaq a coletar os dados disponibilizados. Essa autoriza\u00e7\u00e3o \u00e9 concedida nos termos da Lei 13.709\/2019 (Lei Geral de Prote\u00e7\u00e3o de Dados).\" \/><span class=\"wpcf7-list-item-label\">I authorize Mecmaq to collect the data provided. This authorization is granted pursuant to Law 13.709\/2019 (General Data Protection Law).<\/span><\/label><\/span><\/span><\/span> <\/div>\n<\/div>\n<div class=\"row\">\n   <p>Fields marked with * are mandatory.<\/p>\n   <div class=\"col-sm-12 col-xs-12 action text-center\"><input class=\"wpcf7-form-control wpcf7-submit has-spinner\" type=\"submit\" value=\"Send message\" \/><\/div>\n<\/div><div class=\"wpcf7-response-output\" aria-hidden=\"true\"><\/div>\n<input type=\"hidden\" name=\"trp-form-language\" value=\"en\"\/><\/form>\n<\/div>\n<br \/>\n<iframe title=\"Mecmaq, Av. Pomp\u00e9ia, 1719 - Vila Prudente, Piracicaba - SP\" src=\"https:\/\/maps.google.com\/maps?q=Mecmaq%2C%20Av.%20Pomp%C3%A9ia%2C%201719%20-%20Vila%20Prudente%2C%20Piracicaba%20-%20SP&amp;t=m&amp;z=15&amp;output=embed&amp;iwloc=near\" frameborder=\"0\" marginwidth=\"0\" marginheight=\"0\" scrolling=\"no\" aria-label=\"Mecmaq, Av. Pomp\u00e9ia, 1719 - Vila Prudente, Piracicaba - SP\"><\/iframe><\/p>","protected":false},"excerpt":{"rendered":"<p>Trabalhe conosco Venha fazer parte da nossa equipe! Nos envie seu curr\u00edculo em PDF e preencha o formul\u00e1rio abaixo. Email recursoshumanos@mecmaq.com.br<\/p>","protected":false},"author":1,"featured_media":0,"parent":0,"menu_order":0,"comment_status":"closed","ping_status":"closed","template":"","meta":{"_joinchat":[],"footnotes":""},"class_list":["post-11186","page","type-page","status-publish","hentry"],"yoast_head":"<!-- This site is optimized with the Yoast SEO plugin v27.2 - https:\/\/yoast.com\/product\/yoast-seo-wordpress\/ -->\n<title>Trabalhe conosco - Mecmaq<\/title>\n<meta name=\"robots\" content=\"index, follow, max-snippet:-1, max-image-preview:large, max-video-preview:-1\" \/>\n<link rel=\"canonical\" href=\"https:\/\/www.mecmaq.com.br\/en\/trabalhe-conosco\/\" \/>\n<meta property=\"og:locale\" content=\"en_US\" \/>\n<meta property=\"og:type\" content=\"article\" \/>\n<meta property=\"og:title\" content=\"Trabalhe conosco - Mecmaq\" \/>\n<meta property=\"og:description\" content=\"Trabalhe conosco Venha fazer parte da nossa equipe! Nos envie seu curr\u00edculo em PDF e preencha o formul\u00e1rio abaixo. Email recursoshumanos@mecmaq.com.br\" \/>\n<meta property=\"og:url\" content=\"https:\/\/www.mecmaq.com.br\/en\/trabalhe-conosco\/\" \/>\n<meta property=\"og:site_name\" content=\"Mecmaq\" \/>\n<meta property=\"article:modified_time\" content=\"2025-02-19T11:11:29+00:00\" \/>\n<meta name=\"twitter:card\" content=\"summary_large_image\" \/>\n<meta name=\"twitter:label1\" content=\"Est. reading time\" \/>\n\t<meta name=\"twitter:data1\" content=\"1 minute\" \/>\n<script type=\"application\/ld+json\" class=\"yoast-schema-graph\">{\"@context\":\"https:\/\/schema.org\",\"@graph\":[{\"@type\":\"WebPage\",\"@id\":\"https:\/\/www.mecmaq.com.br\/trabalhe-conosco\/\",\"url\":\"https:\/\/www.mecmaq.com.br\/trabalhe-conosco\/\",\"name\":\"Trabalhe conosco - Mecmaq\",\"isPartOf\":{\"@id\":\"https:\/\/www.mecmaq.com.br\/#website\"},\"datePublished\":\"2022-03-15T04:37:47+00:00\",\"dateModified\":\"2025-02-19T11:11:29+00:00\",\"breadcrumb\":{\"@id\":\"https:\/\/www.mecmaq.com.br\/trabalhe-conosco\/#breadcrumb\"},\"inLanguage\":\"en-US\",\"potentialAction\":[{\"@type\":\"ReadAction\",\"target\":[\"https:\/\/www.mecmaq.com.br\/trabalhe-conosco\/\"]}]},{\"@type\":\"BreadcrumbList\",\"@id\":\"https:\/\/www.mecmaq.com.br\/trabalhe-conosco\/#breadcrumb\",\"itemListElement\":[{\"@type\":\"ListItem\",\"position\":1,\"name\":\"In\u00edcio\",\"item\":\"https:\/\/www.mecmaq.com.br\/\"},{\"@type\":\"ListItem\",\"position\":2,\"name\":\"Trabalhe conosco\"}]},{\"@type\":\"WebSite\",\"@id\":\"https:\/\/www.mecmaq.com.br\/#website\",\"url\":\"https:\/\/www.mecmaq.com.br\/\",\"name\":\"Mecmaq\",\"description\":\"M\u00e1quinas Agr\u00edcolas\",\"potentialAction\":[{\"@type\":\"SearchAction\",\"target\":{\"@type\":\"EntryPoint\",\"urlTemplate\":\"https:\/\/www.mecmaq.com.br\/?s={search_term_string}\"},\"query-input\":{\"@type\":\"PropertyValueSpecification\",\"valueRequired\":true,\"valueName\":\"search_term_string\"}}],\"inLanguage\":\"en-US\"}]}<\/script>\n<!-- \/ Yoast SEO plugin. -->","yoast_head_json":{"title":"Trabalhe conosco - Mecmaq","robots":{"index":"index","follow":"follow","max-snippet":"max-snippet:-1","max-image-preview":"max-image-preview:large","max-video-preview":"max-video-preview:-1"},"canonical":"https:\/\/www.mecmaq.com.br\/en\/trabalhe-conosco\/","og_locale":"en_US","og_type":"article","og_title":"Trabalhe conosco - Mecmaq","og_description":"Trabalhe conosco Venha fazer parte da nossa equipe! Nos envie seu curr\u00edculo em PDF e preencha o formul\u00e1rio abaixo. Email recursoshumanos@mecmaq.com.br","og_url":"https:\/\/www.mecmaq.com.br\/en\/trabalhe-conosco\/","og_site_name":"Mecmaq","article_modified_time":"2025-02-19T11:11:29+00:00","twitter_card":"summary_large_image","twitter_misc":{"Est. reading time":"1 minute"},"schema":{"@context":"https:\/\/schema.org","@graph":[{"@type":"WebPage","@id":"https:\/\/www.mecmaq.com.br\/trabalhe-conosco\/","url":"https:\/\/www.mecmaq.com.br\/trabalhe-conosco\/","name":"Trabalhe conosco - Mecmaq","isPartOf":{"@id":"https:\/\/www.mecmaq.com.br\/#website"},"datePublished":"2022-03-15T04:37:47+00:00","dateModified":"2025-02-19T11:11:29+00:00","breadcrumb":{"@id":"https:\/\/www.mecmaq.com.br\/trabalhe-conosco\/#breadcrumb"},"inLanguage":"en-US","potentialAction":[{"@type":"ReadAction","target":["https:\/\/www.mecmaq.com.br\/trabalhe-conosco\/"]}]},{"@type":"BreadcrumbList","@id":"https:\/\/www.mecmaq.com.br\/trabalhe-conosco\/#breadcrumb","itemListElement":[{"@type":"ListItem","position":1,"name":"In\u00edcio","item":"https:\/\/www.mecmaq.com.br\/"},{"@type":"ListItem","position":2,"name":"Trabalhe conosco"}]},{"@type":"WebSite","@id":"https:\/\/www.mecmaq.com.br\/#website","url":"https:\/\/www.mecmaq.com.br\/","name":"Mecmaq","description":"M\u00e1quinas Agr\u00edcolas","potentialAction":[{"@type":"SearchAction","target":{"@type":"EntryPoint","urlTemplate":"https:\/\/www.mecmaq.com.br\/?s={search_term_string}"},"query-input":{"@type":"PropertyValueSpecification","valueRequired":true,"valueName":"search_term_string"}}],"inLanguage":"en-US"}]}},"_links":{"self":[{"href":"https:\/\/www.mecmaq.com.br\/en\/wp-json\/wp\/v2\/pages\/11186","targetHints":{"allow":["GET"]}}],"collection":[{"href":"https:\/\/www.mecmaq.com.br\/en\/wp-json\/wp\/v2\/pages"}],"about":[{"href":"https:\/\/www.mecmaq.com.br\/en\/wp-json\/wp\/v2\/types\/page"}],"author":[{"embeddable":true,"href":"https:\/\/www.mecmaq.com.br\/en\/wp-json\/wp\/v2\/users\/1"}],"replies":[{"embeddable":true,"href":"https:\/\/www.mecmaq.com.br\/en\/wp-json\/wp\/v2\/comments?post=11186"}],"version-history":[{"count":31,"href":"https:\/\/www.mecmaq.com.br\/en\/wp-json\/wp\/v2\/pages\/11186\/revisions"}],"predecessor-version":[{"id":14081,"href":"https:\/\/www.mecmaq.com.br\/en\/wp-json\/wp\/v2\/pages\/11186\/revisions\/14081"}],"wp:attachment":[{"href":"https:\/\/www.mecmaq.com.br\/en\/wp-json\/wp\/v2\/media?parent=11186"}],"curies":[{"name":"wp","href":"https:\/\/api.w.org\/{rel}","templated":true}]}}