{"id":510,"date":"2016-03-04T03:32:38","date_gmt":"2016-03-04T06:32:38","guid":{"rendered":"https:\/\/themesgavias.com\/wp\/indutri\/?page_id=510"},"modified":"2022-03-10T19:16:42","modified_gmt":"2022-03-10T22:16:42","slug":"noticias","status":"publish","type":"page","link":"https:\/\/www.mecmaq.com.br\/en\/noticias\/","title":{"rendered":"News"},"content":{"rendered":"<div data-elementor-type=\"wp-post\" data-elementor-id=\"510\" class=\"elementor elementor-510\">\n\t\t\t\t\t\t<section class=\"elementor-section elementor-top-section elementor-element elementor-element-5f08bc2 elementor-section-boxed elementor-section-height-default elementor-section-height-default\" data-id=\"5f08bc2\" data-element_type=\"section\">\n\t\t\t\t\t\t<div class=\"elementor-container elementor-column-gap-default\">\n\t\t\t\t\t<div class=\"elementor-column elementor-col-100 elementor-top-column elementor-element elementor-element-0f2583c top column-style-top\" data-id=\"0f2583c\" data-element_type=\"column\">\n\t\t\t<div class=\"elementor-widget-wrap elementor-element-populated\">\n\t\t\t\t\t\t<div class=\"elementor-element elementor-element-ec7622c elementor-widget elementor-widget-gva-posts\" data-id=\"ec7622c\" data-element_type=\"widget\" data-widget_type=\"gva-posts.default\">\n\t\t\t\t<div class=\"elementor-widget-container\">\n\t\t\t\t\t<div class=\"gva-element-gva-posts gva-element\">  \r\n  <div class=\"gva-posts-grid clearfix gva-posts\">\r\n      <div class=\"gva-content-items\"> \r\n        <div class=\"lg-block-grid-2 md-block-grid-2 sm-block-grid-2 xs-block-grid-1 xx-block-grid-1\">\r\n          \r\n<div class=\"all agricultura maquinas  item-columns\">\r\n   <article id=\"post-11390\" class=\"post-11390 post type-post status-publish format-gallery has-post-thumbnail hentry category-agricultura category-maquinas post_format-post-format-gallery\">\r\n      <div class=\"post-block post-style-1\">\r\n         <div class=\"post-thumbnail\">\r\n            <a href=\"https:\/\/www.mecmaq.com.br\/en\/tratamento-de-sementes-e-instabilidade-climatica-saiba-mais\/\">\r\n               <img fetchpriority=\"high\" decoding=\"async\" width=\"600\" height=\"417\" src=\"https:\/\/www.mecmaq.com.br\/wp-content\/uploads\/2022\/03\/planta\u00e7\u00e3o.jpg\" class=\"attachment-post-thumbnail size-post-thumbnail wp-post-image\" alt=\"Tratamento de sementes e instabilidade clim\u00e1tica? Saiba mais\" \/>            <\/a>   \r\n         <\/div>   \r\n\r\n         <div class=\"entry-content\">\r\n            <div class=\"content-inner\">\r\n               <div class=\"entry-meta\">\r\n                  \r\n    <div class=\"meta-inline\"><span class=\"entry-date\">17 de May de 2021<\/span><\/div>               <\/div> \r\n               <h2 class=\"entry-title\"><a href=\"https:\/\/www.mecmaq.com.br\/en\/tratamento-de-sementes-e-instabilidade-climatica-saiba-mais\/\" rel=\"bookmark\">Seed treatment and climate instability? know more<\/a><\/h2>\r\n            <\/div>\r\n         <\/div>\r\n      <\/div>   \r\n   <\/article>   \r\n<\/div>\r\n\r\n  \r\n<div class=\"all agricultura  item-columns\">\r\n   <article id=\"post-11386\" class=\"post-11386 post type-post status-publish format-gallery has-post-thumbnail hentry category-agricultura post_format-post-format-gallery\">\r\n      <div class=\"post-block post-style-1\">\r\n         <div class=\"post-thumbnail\">\r\n            <a href=\"https:\/\/www.mecmaq.com.br\/en\/conab-producao-brasileira-de-graos-deve-chegar-a-2683-milhoes-de-toneladas\/\">\r\n               <img decoding=\"async\" width=\"600\" height=\"417\" src=\"https:\/\/www.mecmaq.com.br\/wp-content\/uploads\/2022\/03\/86182d_2dfc6ec158594f49ae2bd8eecf52c592_mv2.jpg\" class=\"attachment-post-thumbnail size-post-thumbnail wp-post-image\" alt=\"Conab: Produ\u00e7\u00e3o brasileira de gr\u00e3os deve chegar a 268,3 milh\u00f5es de toneladas\" \/>            <\/a>   \r\n         <\/div>   \r\n\r\n         <div class=\"entry-content\">\r\n            <div class=\"content-inner\">\r\n               <div class=\"entry-meta\">\r\n                  \r\n    <div class=\"meta-inline\"><span class=\"entry-date\">13 de February de 2021<\/span><\/div>               <\/div> \r\n               <h2 class=\"entry-title\"><a href=\"https:\/\/www.mecmaq.com.br\/en\/conab-producao-brasileira-de-graos-deve-chegar-a-2683-milhoes-de-toneladas\/\" rel=\"bookmark\">Conab: Brazilian grain production should reach 268.3 million tons<\/a><\/h2>\r\n            <\/div>\r\n         <\/div>\r\n      <\/div>   \r\n   <\/article>   \r\n<\/div>\r\n\r\n  \r\n<div class=\"all agricultura  item-columns\">\r\n   <article id=\"post-11383\" class=\"post-11383 post type-post status-publish format-gallery has-post-thumbnail hentry category-agricultura post_format-post-format-gallery\">\r\n      <div class=\"post-block post-style-1\">\r\n         <div class=\"post-thumbnail\">\r\n            <a href=\"https:\/\/www.mecmaq.com.br\/en\/agropecuaria-tem-maior-geracao-de-empregos-dos-ultimos-10-anos\/\">\r\n               <img decoding=\"async\" width=\"600\" height=\"417\" src=\"https:\/\/www.mecmaq.com.br\/wp-content\/uploads\/2022\/03\/86182d_7dd8e6cac60d4bda9fd9aecdeac1770b_mv2.jpg\" class=\"attachment-post-thumbnail size-post-thumbnail wp-post-image\" alt=\"Agropecu\u00e1ria tem maior gera\u00e7\u00e3o de empregos dos \u00faltimos 10 anos\" \/>            <\/a>   \r\n         <\/div>   \r\n\r\n         <div class=\"entry-content\">\r\n            <div class=\"content-inner\">\r\n               <div class=\"entry-meta\">\r\n                  \r\n    <div class=\"meta-inline\"><span class=\"entry-date\">6 de February de 2021<\/span><\/div>               <\/div> \r\n               <h2 class=\"entry-title\"><a href=\"https:\/\/www.mecmaq.com.br\/en\/agropecuaria-tem-maior-geracao-de-empregos-dos-ultimos-10-anos\/\" rel=\"bookmark\">Agriculture has the highest generation of jobs in the last 10 years<\/a><\/h2>\r\n            <\/div>\r\n         <\/div>\r\n      <\/div>   \r\n   <\/article>   \r\n<\/div>\r\n\r\n  \r\n<div class=\"all agricultura  item-columns\">\r\n   <article id=\"post-11380\" class=\"post-11380 post type-post status-publish format-gallery has-post-thumbnail hentry category-agricultura post_format-post-format-gallery\">\r\n      <div class=\"post-block post-style-1\">\r\n         <div class=\"post-thumbnail\">\r\n            <a href=\"https:\/\/www.mecmaq.com.br\/en\/os-desafios-no-dia-mundial-da-alimentacao\/\">\r\n               <img loading=\"lazy\" decoding=\"async\" width=\"600\" height=\"417\" src=\"https:\/\/www.mecmaq.com.br\/wp-content\/uploads\/2022\/03\/86182d_953e06dcf870421cb0055866689e4e63_mv2.jpg\" class=\"attachment-post-thumbnail size-post-thumbnail wp-post-image\" alt=\"Os desafios no Dia Mundial da Alimenta\u00e7\u00e3o\" \/>            <\/a>   \r\n         <\/div>   \r\n\r\n         <div class=\"entry-content\">\r\n            <div class=\"content-inner\">\r\n               <div class=\"entry-meta\">\r\n                  \r\n    <div class=\"meta-inline\"><span class=\"entry-date\">25 de October de 2020<\/span><\/div>               <\/div> \r\n               <h2 class=\"entry-title\"><a href=\"https:\/\/www.mecmaq.com.br\/en\/os-desafios-no-dia-mundial-da-alimentacao\/\" rel=\"bookmark\">Challenges on World Food Day<\/a><\/h2>\r\n            <\/div>\r\n         <\/div>\r\n      <\/div>   \r\n   <\/article>   \r\n<\/div>\r\n\r\n  \r\n<div class=\"all eventos  item-columns\">\r\n   <article id=\"post-11377\" class=\"post-11377 post type-post status-publish format-gallery has-post-thumbnail hentry category-eventos post_format-post-format-gallery\">\r\n      <div class=\"post-block post-style-1\">\r\n         <div class=\"post-thumbnail\">\r\n            <a href=\"https:\/\/www.mecmaq.com.br\/en\/feira-internacional-eima-sera-digital-e-presencial-e-e-oportunidade-para-brasileiros\/\">\r\n               <img loading=\"lazy\" decoding=\"async\" width=\"600\" height=\"417\" src=\"https:\/\/www.mecmaq.com.br\/wp-content\/uploads\/2022\/03\/feira.jpg\" class=\"attachment-post-thumbnail size-post-thumbnail wp-post-image\" alt=\"Feira Internacional: Eima ser\u00e1 digital e presencial e \u00e9 oportunidade para brasileiros\" \/>            <\/a>   \r\n         <\/div>   \r\n\r\n         <div class=\"entry-content\">\r\n            <div class=\"content-inner\">\r\n               <div class=\"entry-meta\">\r\n                  \r\n    <div class=\"meta-inline\"><span class=\"entry-date\">20 de September de 2020<\/span><\/div>               <\/div> \r\n               <h2 class=\"entry-title\"><a href=\"https:\/\/www.mecmaq.com.br\/en\/feira-internacional-eima-sera-digital-e-presencial-e-e-oportunidade-para-brasileiros\/\" rel=\"bookmark\">International Fair: Eima will be digital and face-to-face and is an opportunity for Brazilians<\/a><\/h2>\r\n            <\/div>\r\n         <\/div>\r\n      <\/div>   \r\n   <\/article>   \r\n<\/div>\r\n\r\n  \r\n<div class=\"all eventos  item-columns\">\r\n   <article id=\"post-11372\" class=\"post-11372 post type-post status-publish format-gallery has-post-thumbnail hentry category-eventos post_format-post-format-gallery\">\r\n      <div class=\"post-block post-style-1\">\r\n         <div class=\"post-thumbnail\">\r\n            <a href=\"https:\/\/www.mecmaq.com.br\/en\/mecmaq-comemora-33-anos\/\">\r\n               <img loading=\"lazy\" decoding=\"async\" width=\"600\" height=\"417\" src=\"https:\/\/www.mecmaq.com.br\/wp-content\/uploads\/2022\/03\/foto_2.jpg\" class=\"attachment-post-thumbnail size-post-thumbnail wp-post-image\" alt=\"Mecmaq comemora 33 anos!\" \/>            <\/a>   \r\n         <\/div>   \r\n\r\n         <div class=\"entry-content\">\r\n            <div class=\"content-inner\">\r\n               <div class=\"entry-meta\">\r\n                  \r\n    <div class=\"meta-inline\"><span class=\"entry-date\">10 de September de 2020<\/span><\/div>               <\/div> \r\n               <h2 class=\"entry-title\"><a href=\"https:\/\/www.mecmaq.com.br\/en\/mecmaq-comemora-33-anos\/\" rel=\"bookmark\">Mecmaq celebrates 33 years!<\/a><\/h2>\r\n            <\/div>\r\n         <\/div>\r\n      <\/div>   \r\n   <\/article>   \r\n<\/div>\r\n\r\n  \r\n<div class=\"all eventos  item-columns\">\r\n   <article id=\"post-11368\" class=\"post-11368 post type-post status-publish format-gallery has-post-thumbnail hentry category-eventos post_format-post-format-gallery\">\r\n      <div class=\"post-block post-style-1\">\r\n         <div class=\"post-thumbnail\">\r\n            <a href=\"https:\/\/www.mecmaq.com.br\/en\/contagem-regressiva-para-a-agrishow-2020\/\">\r\n               <img loading=\"lazy\" decoding=\"async\" width=\"600\" height=\"417\" src=\"https:\/\/www.mecmaq.com.br\/wp-content\/uploads\/2022\/03\/Teste.jpg\" class=\"attachment-post-thumbnail size-post-thumbnail wp-post-image\" alt=\"Contagem regressiva para a Agrishow 2020\" \/>            <\/a>   \r\n         <\/div>   \r\n\r\n         <div class=\"entry-content\">\r\n            <div class=\"content-inner\">\r\n               <div class=\"entry-meta\">\r\n                  \r\n    <div class=\"meta-inline\"><span class=\"entry-date\">7 de September de 2020<\/span><\/div>               <\/div> \r\n               <h2 class=\"entry-title\"><a href=\"https:\/\/www.mecmaq.com.br\/en\/contagem-regressiva-para-a-agrishow-2020\/\" rel=\"bookmark\">Countdown to Agrishow 2020<\/a><\/h2>\r\n            <\/div>\r\n         <\/div>\r\n      <\/div>   \r\n   <\/article>   \r\n<\/div>\r\n\r\n  \r\n<div class=\"all agricultura  item-columns\">\r\n   <article id=\"post-11362\" class=\"post-11362 post type-post status-publish format-gallery has-post-thumbnail hentry category-agricultura post_format-post-format-gallery\">\r\n      <div class=\"post-block post-style-1\">\r\n         <div class=\"post-thumbnail\">\r\n            <a href=\"https:\/\/www.mecmaq.com.br\/en\/beneficios-da-inoculacao-do-sulco-de-plantio\/\">\r\n               <img loading=\"lazy\" decoding=\"async\" width=\"600\" height=\"417\" src=\"https:\/\/www.mecmaq.com.br\/wp-content\/uploads\/2022\/03\/86182d_20c20585bc9d4997aae20811124898d4_mv2.jpg\" class=\"attachment-post-thumbnail size-post-thumbnail wp-post-image\" alt=\"Benef\u00edcios da inocula\u00e7\u00e3o do sulco de plantio\" \/>            <\/a>   \r\n         <\/div>   \r\n\r\n         <div class=\"entry-content\">\r\n            <div class=\"content-inner\">\r\n               <div class=\"entry-meta\">\r\n                  \r\n    <div class=\"meta-inline\"><span class=\"entry-date\">20 de August de 2020<\/span><\/div>               <\/div> \r\n               <h2 class=\"entry-title\"><a href=\"https:\/\/www.mecmaq.com.br\/en\/beneficios-da-inoculacao-do-sulco-de-plantio\/\" rel=\"bookmark\">Benefits of planting furrow inoculation<\/a><\/h2>\r\n            <\/div>\r\n         <\/div>\r\n      <\/div>   \r\n   <\/article>   \r\n<\/div>\r\n\r\n  \r\n<div class=\"all maquinas  item-columns\">\r\n   <article id=\"post-11365\" class=\"post-11365 post type-post status-publish format-gallery has-post-thumbnail hentry category-maquinas post_format-post-format-gallery\">\r\n      <div class=\"post-block post-style-1\">\r\n         <div class=\"post-thumbnail\">\r\n            <a href=\"https:\/\/www.mecmaq.com.br\/en\/producao-de-graos-bate-recorde\/\">\r\n               <img loading=\"lazy\" decoding=\"async\" width=\"600\" height=\"417\" src=\"https:\/\/www.mecmaq.com.br\/wp-content\/uploads\/2022\/03\/86182d_c7a7fdac4c2e4020bae231027cda541c_mv2.jpg\" class=\"attachment-post-thumbnail size-post-thumbnail wp-post-image\" alt=\"Produ\u00e7\u00e3o de gr\u00e3os bate recorde\" \/>            <\/a>   \r\n         <\/div>   \r\n\r\n         <div class=\"entry-content\">\r\n            <div class=\"content-inner\">\r\n               <div class=\"entry-meta\">\r\n                  \r\n    <div class=\"meta-inline\"><span class=\"entry-date\">17 de August de 2020<\/span><\/div>               <\/div> \r\n               <h2 class=\"entry-title\"><a href=\"https:\/\/www.mecmaq.com.br\/en\/producao-de-graos-bate-recorde\/\" rel=\"bookmark\">Grain production hits record<\/a><\/h2>\r\n            <\/div>\r\n         <\/div>\r\n      <\/div>   \r\n   <\/article>   \r\n<\/div>\r\n\r\n          <\/div>\r\n      <\/div>\r\n                <div class=\"pagination\">\r\n                        <\/div>\r\n        <\/div>\r\n  <\/div>\t\t\t\t<\/div>\n\t\t\t\t<\/div>\n\t\t\t\t\t<\/div>\n\t\t<\/div>\n\t\t\t\t\t<\/div>\n\t\t<\/section>\n\t\t\t\t<\/div>","protected":false},"excerpt":{"rendered":"<p>14 de setembro de 2017 Brasil deve colher 238,7 milh\u00f5es de toneladas de gr\u00e3os 8 de setembro de 2017 Dia de Campo &#8211; Colhedora de Cana 5 de setembro de 2017 Demonstra\u00e7\u00f5es do Inocula Bag Embrapa e Agro Hara 18 de agosto de 2017 Tratamento de sementes e seus benef\u00edcios 15 de agosto de 2017 [&hellip;]<\/p>\n","protected":false},"author":1,"featured_media":0,"parent":0,"menu_order":0,"comment_status":"closed","ping_status":"closed","template":"","meta":{"_joinchat":[],"footnotes":""},"class_list":["post-510","page","type-page","status-publish","hentry"],"yoast_head":"<!-- This site is optimized with the Yoast SEO plugin v27.2 - https:\/\/yoast.com\/product\/yoast-seo-wordpress\/ -->\n<title>Not\u00edcias - Mecmaq<\/title>\n<meta name=\"robots\" content=\"index, follow, max-snippet:-1, max-image-preview:large, max-video-preview:-1\" \/>\n<link rel=\"canonical\" href=\"https:\/\/www.mecmaq.com.br\/en\/noticias\/\" \/>\n<meta property=\"og:locale\" content=\"en_US\" \/>\n<meta property=\"og:type\" content=\"article\" \/>\n<meta property=\"og:title\" content=\"Not\u00edcias - Mecmaq\" \/>\n<meta property=\"og:description\" content=\"14 de setembro de 2017 Brasil deve colher 238,7 milh\u00f5es de toneladas de gr\u00e3os 8 de setembro de 2017 Dia de Campo &#8211; Colhedora de Cana 5 de setembro de 2017 Demonstra\u00e7\u00f5es do Inocula Bag Embrapa e Agro Hara 18 de agosto de 2017 Tratamento de sementes e seus benef\u00edcios 15 de agosto de 2017 [&hellip;]\" \/>\n<meta property=\"og:url\" content=\"https:\/\/www.mecmaq.com.br\/en\/noticias\/\" \/>\n<meta property=\"og:site_name\" content=\"Mecmaq\" \/>\n<meta property=\"article:modified_time\" content=\"2022-03-10T22:16:42+00:00\" \/>\n<meta property=\"og:image\" content=\"http:\/\/www.mecmaq.com.br\/wp-content\/uploads\/2022\/03\/86182d_95349527796847f595bf6d2552f5f75d_mv2-600x417.jpg\" \/>\n<meta name=\"twitter:card\" content=\"summary_large_image\" \/>\n<meta name=\"twitter:label1\" content=\"Est. reading time\" \/>\n\t<meta name=\"twitter:data1\" content=\"2 minutes\" \/>\n<script type=\"application\/ld+json\" class=\"yoast-schema-graph\">{\"@context\":\"https:\/\/schema.org\",\"@graph\":[{\"@type\":\"WebPage\",\"@id\":\"https:\/\/www.mecmaq.com.br\/noticias\/\",\"url\":\"https:\/\/www.mecmaq.com.br\/noticias\/\",\"name\":\"Not\u00edcias - Mecmaq\",\"isPartOf\":{\"@id\":\"https:\/\/www.mecmaq.com.br\/#website\"},\"primaryImageOfPage\":{\"@id\":\"https:\/\/www.mecmaq.com.br\/noticias\/#primaryimage\"},\"image\":{\"@id\":\"https:\/\/www.mecmaq.com.br\/noticias\/#primaryimage\"},\"thumbnailUrl\":\"http:\/\/www.mecmaq.com.br\/wp-content\/uploads\/2022\/03\/86182d_95349527796847f595bf6d2552f5f75d_mv2-600x417.jpg\",\"datePublished\":\"2016-03-04T06:32:38+00:00\",\"dateModified\":\"2022-03-10T22:16:42+00:00\",\"breadcrumb\":{\"@id\":\"https:\/\/www.mecmaq.com.br\/noticias\/#breadcrumb\"},\"inLanguage\":\"en-US\",\"potentialAction\":[{\"@type\":\"ReadAction\",\"target\":[\"https:\/\/www.mecmaq.com.br\/noticias\/\"]}]},{\"@type\":\"ImageObject\",\"inLanguage\":\"en-US\",\"@id\":\"https:\/\/www.mecmaq.com.br\/noticias\/#primaryimage\",\"url\":\"http:\/\/www.mecmaq.com.br\/wp-content\/uploads\/2022\/03\/86182d_95349527796847f595bf6d2552f5f75d_mv2-600x417.jpg\",\"contentUrl\":\"http:\/\/www.mecmaq.com.br\/wp-content\/uploads\/2022\/03\/86182d_95349527796847f595bf6d2552f5f75d_mv2-600x417.jpg\"},{\"@type\":\"BreadcrumbList\",\"@id\":\"https:\/\/www.mecmaq.com.br\/noticias\/#breadcrumb\",\"itemListElement\":[{\"@type\":\"ListItem\",\"position\":1,\"name\":\"In\u00edcio\",\"item\":\"https:\/\/www.mecmaq.com.br\/\"},{\"@type\":\"ListItem\",\"position\":2,\"name\":\"Not\u00edcias\"}]},{\"@type\":\"WebSite\",\"@id\":\"https:\/\/www.mecmaq.com.br\/#website\",\"url\":\"https:\/\/www.mecmaq.com.br\/\",\"name\":\"Mecmaq\",\"description\":\"M\u00e1quinas Agr\u00edcolas\",\"potentialAction\":[{\"@type\":\"SearchAction\",\"target\":{\"@type\":\"EntryPoint\",\"urlTemplate\":\"https:\/\/www.mecmaq.com.br\/?s={search_term_string}\"},\"query-input\":{\"@type\":\"PropertyValueSpecification\",\"valueRequired\":true,\"valueName\":\"search_term_string\"}}],\"inLanguage\":\"en-US\"}]}<\/script>\n<!-- \/ Yoast SEO plugin. -->","yoast_head_json":{"title":"Not\u00edcias - Mecmaq","robots":{"index":"index","follow":"follow","max-snippet":"max-snippet:-1","max-image-preview":"max-image-preview:large","max-video-preview":"max-video-preview:-1"},"canonical":"https:\/\/www.mecmaq.com.br\/en\/noticias\/","og_locale":"en_US","og_type":"article","og_title":"Not\u00edcias - Mecmaq","og_description":"14 de setembro de 2017 Brasil deve colher 238,7 milh\u00f5es de toneladas de gr\u00e3os 8 de setembro de 2017 Dia de Campo &#8211; Colhedora de Cana 5 de setembro de 2017 Demonstra\u00e7\u00f5es do Inocula Bag Embrapa e Agro Hara 18 de agosto de 2017 Tratamento de sementes e seus benef\u00edcios 15 de agosto de 2017 [&hellip;]","og_url":"https:\/\/www.mecmaq.com.br\/en\/noticias\/","og_site_name":"Mecmaq","article_modified_time":"2022-03-10T22:16:42+00:00","og_image":[{"url":"http:\/\/www.mecmaq.com.br\/wp-content\/uploads\/2022\/03\/86182d_95349527796847f595bf6d2552f5f75d_mv2-600x417.jpg","type":"","width":"","height":""}],"twitter_card":"summary_large_image","twitter_misc":{"Est. reading time":"2 minutes"},"schema":{"@context":"https:\/\/schema.org","@graph":[{"@type":"WebPage","@id":"https:\/\/www.mecmaq.com.br\/noticias\/","url":"https:\/\/www.mecmaq.com.br\/noticias\/","name":"Not\u00edcias - Mecmaq","isPartOf":{"@id":"https:\/\/www.mecmaq.com.br\/#website"},"primaryImageOfPage":{"@id":"https:\/\/www.mecmaq.com.br\/noticias\/#primaryimage"},"image":{"@id":"https:\/\/www.mecmaq.com.br\/noticias\/#primaryimage"},"thumbnailUrl":"http:\/\/www.mecmaq.com.br\/wp-content\/uploads\/2022\/03\/86182d_95349527796847f595bf6d2552f5f75d_mv2-600x417.jpg","datePublished":"2016-03-04T06:32:38+00:00","dateModified":"2022-03-10T22:16:42+00:00","breadcrumb":{"@id":"https:\/\/www.mecmaq.com.br\/noticias\/#breadcrumb"},"inLanguage":"en-US","potentialAction":[{"@type":"ReadAction","target":["https:\/\/www.mecmaq.com.br\/noticias\/"]}]},{"@type":"ImageObject","inLanguage":"en-US","@id":"https:\/\/www.mecmaq.com.br\/noticias\/#primaryimage","url":"http:\/\/www.mecmaq.com.br\/wp-content\/uploads\/2022\/03\/86182d_95349527796847f595bf6d2552f5f75d_mv2-600x417.jpg","contentUrl":"http:\/\/www.mecmaq.com.br\/wp-content\/uploads\/2022\/03\/86182d_95349527796847f595bf6d2552f5f75d_mv2-600x417.jpg"},{"@type":"BreadcrumbList","@id":"https:\/\/www.mecmaq.com.br\/noticias\/#breadcrumb","itemListElement":[{"@type":"ListItem","position":1,"name":"In\u00edcio","item":"https:\/\/www.mecmaq.com.br\/"},{"@type":"ListItem","position":2,"name":"Not\u00edcias"}]},{"@type":"WebSite","@id":"https:\/\/www.mecmaq.com.br\/#website","url":"https:\/\/www.mecmaq.com.br\/","name":"Mecmaq","description":"M\u00e1quinas Agr\u00edcolas","potentialAction":[{"@type":"SearchAction","target":{"@type":"EntryPoint","urlTemplate":"https:\/\/www.mecmaq.com.br\/?s={search_term_string}"},"query-input":{"@type":"PropertyValueSpecification","valueRequired":true,"valueName":"search_term_string"}}],"inLanguage":"en-US"}]}},"_links":{"self":[{"href":"https:\/\/www.mecmaq.com.br\/en\/wp-json\/wp\/v2\/pages\/510","targetHints":{"allow":["GET"]}}],"collection":[{"href":"https:\/\/www.mecmaq.com.br\/en\/wp-json\/wp\/v2\/pages"}],"about":[{"href":"https:\/\/www.mecmaq.com.br\/en\/wp-json\/wp\/v2\/types\/page"}],"author":[{"embeddable":true,"href":"https:\/\/www.mecmaq.com.br\/en\/wp-json\/wp\/v2\/users\/1"}],"replies":[{"embeddable":true,"href":"https:\/\/www.mecmaq.com.br\/en\/wp-json\/wp\/v2\/comments?post=510"}],"version-history":[{"count":7,"href":"https:\/\/www.mecmaq.com.br\/en\/wp-json\/wp\/v2\/pages\/510\/revisions"}],"predecessor-version":[{"id":10985,"href":"https:\/\/www.mecmaq.com.br\/en\/wp-json\/wp\/v2\/pages\/510\/revisions\/10985"}],"wp:attachment":[{"href":"https:\/\/www.mecmaq.com.br\/en\/wp-json\/wp\/v2\/media?parent=510"}],"curies":[{"name":"wp","href":"https:\/\/api.w.org\/{rel}","templated":true}]}}