{"id":10821,"date":"2022-03-10T13:52:16","date_gmt":"2022-03-10T16:52:16","guid":{"rendered":"http:\/\/www.mecmaq.com.br\/?page_id=10821"},"modified":"2026-03-04T07:51:54","modified_gmt":"2026-03-04T10:51:54","slug":"pulverizadores-agricolas","status":"publish","type":"page","link":"https:\/\/www.mecmaq.com.br\/es\/produtos\/pulverizadores-agricolas\/","title":{"rendered":"Pecuaria"},"content":{"rendered":"<div data-elementor-type=\"wp-page\" data-elementor-id=\"10821\" class=\"elementor elementor-10821\">\n\t\t\t\t\t\t<section class=\"elementor-section elementor-top-section elementor-element elementor-element-bf50e4a elementor-section-boxed elementor-section-height-default elementor-section-height-default\" data-id=\"bf50e4a\" data-element_type=\"section\">\n\t\t\t\t\t\t<div class=\"elementor-container elementor-column-gap-default\">\n\t\t\t\t\t<div class=\"elementor-column elementor-col-100 elementor-top-column elementor-element elementor-element-a2d7d0e top column-style-top\" data-id=\"a2d7d0e\" data-element_type=\"column\">\n\t\t\t<div class=\"elementor-widget-wrap elementor-element-populated\">\n\t\t\t\t\t\t<div class=\"elementor-element elementor-element-27752d4 elementor-widget elementor-widget-gva-heading-block\" data-id=\"27752d4\" data-element_type=\"widget\" data-widget_type=\"gva-heading-block.default\">\n\t\t\t\t<div class=\"elementor-widget-container\">\n\t\t\t\t\t<div class=\"gva-element-gva-heading-block gva-element\">   <div class=\"align-center style-1 widget gsc-heading box-align-left\">\r\n      <div class=\"content-inner\">\r\n         \r\n                  \r\n                     <div class=\"clearfix\"><div class=\"sub-title\"><span>Nuestros productos<\/span><\/div><\/div>\r\n           \r\n         \r\n                     <h2 class=\"title\">\r\n               <span>Pecuaria<\/span>\r\n            <\/h2>\r\n                  \r\n         \r\n      <\/div>\r\n   <\/div>\r\n   <div class=\"clearfix\"><\/div>\r\n<\/div>\t\t\t\t<\/div>\n\t\t\t\t<\/div>\n\t\t\t\t<div class=\"elementor-element elementor-element-4643178 elementor-widget elementor-widget-gva-services\" data-id=\"4643178\" data-element_type=\"widget\" data-widget_type=\"gva-services.default\">\n\t\t\t\t<div class=\"elementor-widget-container\">\n\t\t\t\t\t<div class=\"gva-element-gva-services gva-element\">  \r\n  <div class=\"gva-services-grid clearfix gva-services\">\r\n      <div class=\"gva-content-items\"> \r\n        <div class=\"lg-block-grid-3 md-block-grid-3 sm-block-grid-2 xs-block-grid-1 xx-block-grid-1\">\r\n          <div class=\"item-columns\">\n<div class=\"item\">\n\n   <div class=\"service-item-v2\">     \n\n      \n\n      <div class=\"service-image\">\n\n         <a href=\"https:\/\/www.mecmaq.com.br\/es\/service\/aplicador-de-inoculante\/\"><img fetchpriority=\"high\" decoding=\"async\" width=\"600\" height=\"600\" src=\"https:\/\/www.mecmaq.com.br\/wp-content\/uploads\/2022\/04\/aplicador-inoculante-novo-600x600.jpg\" class=\"attachment-medium size-medium wp-post-image\" alt=\"\" srcset=\"https:\/\/www.mecmaq.com.br\/wp-content\/uploads\/2022\/04\/aplicador-inoculante-novo-600x600.jpg 600w, https:\/\/www.mecmaq.com.br\/wp-content\/uploads\/2022\/04\/aplicador-inoculante-novo-180x180.jpg 180w, https:\/\/www.mecmaq.com.br\/wp-content\/uploads\/2022\/04\/aplicador-inoculante-novo-768x768.jpg 768w, https:\/\/www.mecmaq.com.br\/wp-content\/uploads\/2022\/04\/aplicador-inoculante-novo-24x24.jpg 24w, https:\/\/www.mecmaq.com.br\/wp-content\/uploads\/2022\/04\/aplicador-inoculante-novo-48x48.jpg 48w, https:\/\/www.mecmaq.com.br\/wp-content\/uploads\/2022\/04\/aplicador-inoculante-novo-96x96.jpg 96w, https:\/\/www.mecmaq.com.br\/wp-content\/uploads\/2022\/04\/aplicador-inoculante-novo-150x150.jpg 150w, https:\/\/www.mecmaq.com.br\/wp-content\/uploads\/2022\/04\/aplicador-inoculante-novo-300x300.jpg 300w, https:\/\/www.mecmaq.com.br\/wp-content\/uploads\/2022\/04\/aplicador-inoculante-novo.jpg 1000w\" sizes=\"(max-width: 600px) 100vw, 600px\" \/><\/a>\n\n         \n      <\/div>   \n\n\n\n      <div class=\"service-content\">\n\n         <div class=\"content-inner\">\n\n            <h3 class=\"title\">\n\n               <a href=\"https:\/\/www.mecmaq.com.br\/es\/service\/aplicador-de-inoculante\/\">Aplicador de Inoculante en silaje y forraje \u2013 100 Litros<\/a>\n\n            <\/h3>\n\n            <div class=\"desc\">Aplicador de Inoculante<\/div> \n\n            <div class=\"readmore\">\n\n               <a class=\"btn-inline\" href=\"https:\/\/www.mecmaq.com.br\/es\/service\/aplicador-de-inoculante\/\"><span>Read More<\/span><\/a>\n\n            <\/div>\n\n         <\/div>    \n\n      <\/div>\n\n   <\/div>\n\n<\/div><\/div><div class=\"item-columns\">\n<div class=\"item\">\n\n   <div class=\"service-item-v2\">     \n\n      \n\n      <div class=\"service-image\">\n\n         <a href=\"https:\/\/www.mecmaq.com.br\/es\/service\/mec-jegue\/\"><img decoding=\"async\" width=\"600\" height=\"600\" src=\"https:\/\/www.mecmaq.com.br\/wp-content\/uploads\/2022\/04\/Mec-Jegue-600x600.png\" class=\"attachment-medium size-medium wp-post-image\" alt=\"\" srcset=\"https:\/\/www.mecmaq.com.br\/wp-content\/uploads\/2022\/04\/Mec-Jegue-600x600.png 600w, https:\/\/www.mecmaq.com.br\/wp-content\/uploads\/2022\/04\/Mec-Jegue-180x180.png 180w, https:\/\/www.mecmaq.com.br\/wp-content\/uploads\/2022\/04\/Mec-Jegue-24x24.png 24w, https:\/\/www.mecmaq.com.br\/wp-content\/uploads\/2022\/04\/Mec-Jegue-48x48.png 48w, https:\/\/www.mecmaq.com.br\/wp-content\/uploads\/2022\/04\/Mec-Jegue-96x96.png 96w, https:\/\/www.mecmaq.com.br\/wp-content\/uploads\/2022\/04\/Mec-Jegue-150x150.png 150w, https:\/\/www.mecmaq.com.br\/wp-content\/uploads\/2022\/04\/Mec-Jegue-300x300.png 300w, https:\/\/www.mecmaq.com.br\/wp-content\/uploads\/2022\/04\/Mec-Jegue.png 700w\" sizes=\"(max-width: 600px) 100vw, 600px\" \/><\/a>\n\n         \n      <\/div>   \n\n\n\n      <div class=\"service-content\">\n\n         <div class=\"content-inner\">\n\n            <h3 class=\"title\">\n\n               <a href=\"https:\/\/www.mecmaq.com.br\/es\/service\/mec-jegue\/\">Mec Jegue<\/a>\n\n            <\/h3>\n\n            <div class=\"desc\">Pulverizador de pasto para lugares de dif\u00edcil acceso<\/div> \n\n            <div class=\"readmore\">\n\n               <a class=\"btn-inline\" href=\"https:\/\/www.mecmaq.com.br\/es\/service\/mec-jegue\/\"><span>Read More<\/span><\/a>\n\n            <\/div>\n\n         <\/div>    \n\n      <\/div>\n\n   <\/div>\n\n<\/div><\/div><div class=\"item-columns\">\n<div class=\"item\">\n\n   <div class=\"service-item-v2\">     \n\n      \n\n      <div class=\"service-image\">\n\n         <a href=\"https:\/\/www.mecmaq.com.br\/es\/service\/mec-spot\/\"><img decoding=\"async\" width=\"600\" height=\"600\" src=\"https:\/\/www.mecmaq.com.br\/wp-content\/uploads\/2022\/04\/mecspot-novo-600x600.jpg\" class=\"attachment-medium size-medium wp-post-image\" alt=\"\" srcset=\"https:\/\/www.mecmaq.com.br\/wp-content\/uploads\/2022\/04\/mecspot-novo-600x600.jpg 600w, https:\/\/www.mecmaq.com.br\/wp-content\/uploads\/2022\/04\/mecspot-novo-180x180.jpg 180w, https:\/\/www.mecmaq.com.br\/wp-content\/uploads\/2022\/04\/mecspot-novo-768x768.jpg 768w, https:\/\/www.mecmaq.com.br\/wp-content\/uploads\/2022\/04\/mecspot-novo-24x24.jpg 24w, https:\/\/www.mecmaq.com.br\/wp-content\/uploads\/2022\/04\/mecspot-novo-48x48.jpg 48w, https:\/\/www.mecmaq.com.br\/wp-content\/uploads\/2022\/04\/mecspot-novo-96x96.jpg 96w, https:\/\/www.mecmaq.com.br\/wp-content\/uploads\/2022\/04\/mecspot-novo-150x150.jpg 150w, https:\/\/www.mecmaq.com.br\/wp-content\/uploads\/2022\/04\/mecspot-novo-300x300.jpg 300w, https:\/\/www.mecmaq.com.br\/wp-content\/uploads\/2022\/04\/mecspot-novo.jpg 1000w\" sizes=\"(max-width: 600px) 100vw, 600px\" \/><\/a>\n\n         \n      <\/div>   \n\n\n\n      <div class=\"service-content\">\n\n         <div class=\"content-inner\">\n\n            <h3 class=\"title\">\n\n               <a href=\"https:\/\/www.mecmaq.com.br\/es\/service\/mec-spot\/\">Mec Spot \u2013 200 Litros<\/a>\n\n            <\/h3>\n\n            <div class=\"desc\">Pulverizador de pastos o ganado<\/div> \n\n            <div class=\"readmore\">\n\n               <a class=\"btn-inline\" href=\"https:\/\/www.mecmaq.com.br\/es\/service\/mec-spot\/\"><span>Read More<\/span><\/a>\n\n            <\/div>\n\n         <\/div>    \n\n      <\/div>\n\n   <\/div>\n\n<\/div><\/div><div class=\"item-columns\">\n<div class=\"item\">\n\n   <div class=\"service-item-v2\">     \n\n      \n\n      <div class=\"service-image\">\n\n         <a href=\"https:\/\/www.mecmaq.com.br\/es\/service\/pulvpec\/\"><img loading=\"lazy\" decoding=\"async\" width=\"600\" height=\"600\" src=\"https:\/\/www.mecmaq.com.br\/wp-content\/uploads\/2022\/04\/pulvpec-novo-600x600.jpg\" class=\"attachment-medium size-medium wp-post-image\" alt=\"\" srcset=\"https:\/\/www.mecmaq.com.br\/wp-content\/uploads\/2022\/04\/pulvpec-novo-600x600.jpg 600w, https:\/\/www.mecmaq.com.br\/wp-content\/uploads\/2022\/04\/pulvpec-novo-180x180.jpg 180w, https:\/\/www.mecmaq.com.br\/wp-content\/uploads\/2022\/04\/pulvpec-novo-768x768.jpg 768w, https:\/\/www.mecmaq.com.br\/wp-content\/uploads\/2022\/04\/pulvpec-novo-24x24.jpg 24w, https:\/\/www.mecmaq.com.br\/wp-content\/uploads\/2022\/04\/pulvpec-novo-48x48.jpg 48w, https:\/\/www.mecmaq.com.br\/wp-content\/uploads\/2022\/04\/pulvpec-novo-96x96.jpg 96w, https:\/\/www.mecmaq.com.br\/wp-content\/uploads\/2022\/04\/pulvpec-novo-150x150.jpg 150w, https:\/\/www.mecmaq.com.br\/wp-content\/uploads\/2022\/04\/pulvpec-novo-300x300.jpg 300w, https:\/\/www.mecmaq.com.br\/wp-content\/uploads\/2022\/04\/pulvpec-novo.jpg 1000w\" sizes=\"(max-width: 600px) 100vw, 600px\" \/><\/a>\n\n         \n      <\/div>   \n\n\n\n      <div class=\"service-content\">\n\n         <div class=\"content-inner\">\n\n            <h3 class=\"title\">\n\n               <a href=\"https:\/\/www.mecmaq.com.br\/es\/service\/pulvpec\/\">Pulvpec \u2013 600 Litros<\/a>\n\n            <\/h3>\n\n            <div class=\"desc\">Pulverizador de pastos<\/div> \n\n            <div class=\"readmore\">\n\n               <a class=\"btn-inline\" href=\"https:\/\/www.mecmaq.com.br\/es\/service\/pulvpec\/\"><span>Read More<\/span><\/a>\n\n            <\/div>\n\n         <\/div>    \n\n      <\/div>\n\n   <\/div>\n\n<\/div><\/div>        <\/div>\r\n      <\/div>\r\n                <div class=\"pagination\">\r\n                        <\/div>\r\n        <\/div>\r\n  <\/div>\t\t\t\t<\/div>\n\t\t\t\t<\/div>\n\t\t\t\t\t<\/div>\n\t\t<\/div>\n\t\t\t\t\t<\/div>\n\t\t<\/section>\n\t\t\t\t<\/div>","protected":false},"excerpt":{"rendered":"<p>Nossos produtos Pecu\u00e1ria Aplicador de Inoculante Aplicador de Inoculante Saiba mais Mec Jegue Pulverizador de pastagem para locais de dif\u00edcil acesso Saiba mais Mec Spot Pulverizador de pastagem ou pecu\u00e1ria Saiba mais Pulvpec Pulverizador de pastagem Saiba mais<\/p>","protected":false},"author":1,"featured_media":0,"parent":8394,"menu_order":0,"comment_status":"closed","ping_status":"closed","template":"","meta":{"_joinchat":[],"footnotes":""},"class_list":["post-10821","page","type-page","status-publish","hentry"],"yoast_head":"<!-- This site is optimized with the Yoast SEO plugin v27.2 - https:\/\/yoast.com\/product\/yoast-seo-wordpress\/ -->\n<title>Pecuaria - Mecmaq<\/title>\n<meta name=\"description\" content=\"Pulverizadores de pastagem! 400 litros, 600 litros, 800 litros, etc, pulverizador para mulas\/cavalos, entre outros, diversos modelos! Venha conferir!\" \/>\n<meta name=\"robots\" content=\"index, follow, max-snippet:-1, max-image-preview:large, max-video-preview:-1\" \/>\n<link rel=\"canonical\" href=\"https:\/\/www.mecmaq.com.br\/es\/produtos\/pulverizadores-agricolas\/\" \/>\n<meta property=\"og:locale\" content=\"es_ES\" \/>\n<meta property=\"og:type\" content=\"article\" \/>\n<meta property=\"og:title\" content=\"Pecuaria - Mecmaq\" \/>\n<meta property=\"og:description\" content=\"Pulverizadores de pastagem! 400 litros, 600 litros, 800 litros, etc, pulverizador para mulas\/cavalos, entre outros, diversos modelos! Venha conferir!\" \/>\n<meta property=\"og:url\" content=\"https:\/\/www.mecmaq.com.br\/es\/produtos\/pulverizadores-agricolas\/\" \/>\n<meta property=\"og:site_name\" content=\"Mecmaq\" \/>\n<meta property=\"article:modified_time\" content=\"2026-03-04T10:51:54+00:00\" \/>\n<meta property=\"og:image\" content=\"http:\/\/www.mecmaq.com.br\/wp-content\/uploads\/2022\/04\/Aplicador-de-Inoculante-Forrageira-600x600.png\" \/>\n<meta name=\"twitter:card\" content=\"summary_large_image\" \/>\n<meta name=\"twitter:label1\" content=\"Tiempo de lectura\" \/>\n\t<meta name=\"twitter:data1\" content=\"2 minutos\" \/>\n<script type=\"application\/ld+json\" class=\"yoast-schema-graph\">{\"@context\":\"https:\/\/schema.org\",\"@graph\":[{\"@type\":\"WebPage\",\"@id\":\"https:\/\/www.mecmaq.com.br\/produtos\/pulverizadores-agricolas\/\",\"url\":\"https:\/\/www.mecmaq.com.br\/produtos\/pulverizadores-agricolas\/\",\"name\":\"Pecuaria - Mecmaq\",\"isPartOf\":{\"@id\":\"https:\/\/www.mecmaq.com.br\/#website\"},\"primaryImageOfPage\":{\"@id\":\"https:\/\/www.mecmaq.com.br\/produtos\/pulverizadores-agricolas\/#primaryimage\"},\"image\":{\"@id\":\"https:\/\/www.mecmaq.com.br\/produtos\/pulverizadores-agricolas\/#primaryimage\"},\"thumbnailUrl\":\"http:\/\/www.mecmaq.com.br\/wp-content\/uploads\/2022\/04\/Aplicador-de-Inoculante-Forrageira-600x600.png\",\"datePublished\":\"2022-03-10T16:52:16+00:00\",\"dateModified\":\"2026-03-04T10:51:54+00:00\",\"description\":\"Pulverizadores de pastagem! 400 litros, 600 litros, 800 litros, etc, pulverizador para mulas\/cavalos, entre outros, diversos modelos! Venha conferir!\",\"breadcrumb\":{\"@id\":\"https:\/\/www.mecmaq.com.br\/produtos\/pulverizadores-agricolas\/#breadcrumb\"},\"inLanguage\":\"es\",\"potentialAction\":[{\"@type\":\"ReadAction\",\"target\":[\"https:\/\/www.mecmaq.com.br\/produtos\/pulverizadores-agricolas\/\"]}]},{\"@type\":\"ImageObject\",\"inLanguage\":\"es\",\"@id\":\"https:\/\/www.mecmaq.com.br\/produtos\/pulverizadores-agricolas\/#primaryimage\",\"url\":\"http:\/\/www.mecmaq.com.br\/wp-content\/uploads\/2022\/04\/Aplicador-de-Inoculante-Forrageira-600x600.png\",\"contentUrl\":\"http:\/\/www.mecmaq.com.br\/wp-content\/uploads\/2022\/04\/Aplicador-de-Inoculante-Forrageira-600x600.png\"},{\"@type\":\"BreadcrumbList\",\"@id\":\"https:\/\/www.mecmaq.com.br\/produtos\/pulverizadores-agricolas\/#breadcrumb\",\"itemListElement\":[{\"@type\":\"ListItem\",\"position\":1,\"name\":\"In\u00edcio\",\"item\":\"https:\/\/www.mecmaq.com.br\/\"},{\"@type\":\"ListItem\",\"position\":2,\"name\":\"Produtos\",\"item\":\"https:\/\/www.mecmaq.com.br\/produtos\/\"},{\"@type\":\"ListItem\",\"position\":3,\"name\":\"Pecuaria\"}]},{\"@type\":\"WebSite\",\"@id\":\"https:\/\/www.mecmaq.com.br\/#website\",\"url\":\"https:\/\/www.mecmaq.com.br\/\",\"name\":\"Mecmaq\",\"description\":\"M\u00e1quinas Agr\u00edcolas\",\"potentialAction\":[{\"@type\":\"SearchAction\",\"target\":{\"@type\":\"EntryPoint\",\"urlTemplate\":\"https:\/\/www.mecmaq.com.br\/?s={search_term_string}\"},\"query-input\":{\"@type\":\"PropertyValueSpecification\",\"valueRequired\":true,\"valueName\":\"search_term_string\"}}],\"inLanguage\":\"es\"}]}<\/script>\n<!-- \/ Yoast SEO plugin. -->","yoast_head_json":{"title":"Pecuaria - Mecmaq","description":"Pulverizadores de pastagem! 400 litros, 600 litros, 800 litros, etc, pulverizador para mulas\/cavalos, entre outros, diversos modelos! Venha conferir!","robots":{"index":"index","follow":"follow","max-snippet":"max-snippet:-1","max-image-preview":"max-image-preview:large","max-video-preview":"max-video-preview:-1"},"canonical":"https:\/\/www.mecmaq.com.br\/es\/produtos\/pulverizadores-agricolas\/","og_locale":"es_ES","og_type":"article","og_title":"Pecuaria - Mecmaq","og_description":"Pulverizadores de pastagem! 400 litros, 600 litros, 800 litros, etc, pulverizador para mulas\/cavalos, entre outros, diversos modelos! Venha conferir!","og_url":"https:\/\/www.mecmaq.com.br\/es\/produtos\/pulverizadores-agricolas\/","og_site_name":"Mecmaq","article_modified_time":"2026-03-04T10:51:54+00:00","og_image":[{"url":"http:\/\/www.mecmaq.com.br\/wp-content\/uploads\/2022\/04\/Aplicador-de-Inoculante-Forrageira-600x600.png","type":"","width":"","height":""}],"twitter_card":"summary_large_image","twitter_misc":{"Tiempo de lectura":"2 minutos"},"schema":{"@context":"https:\/\/schema.org","@graph":[{"@type":"WebPage","@id":"https:\/\/www.mecmaq.com.br\/produtos\/pulverizadores-agricolas\/","url":"https:\/\/www.mecmaq.com.br\/produtos\/pulverizadores-agricolas\/","name":"Pecuaria - Mecmaq","isPartOf":{"@id":"https:\/\/www.mecmaq.com.br\/#website"},"primaryImageOfPage":{"@id":"https:\/\/www.mecmaq.com.br\/produtos\/pulverizadores-agricolas\/#primaryimage"},"image":{"@id":"https:\/\/www.mecmaq.com.br\/produtos\/pulverizadores-agricolas\/#primaryimage"},"thumbnailUrl":"http:\/\/www.mecmaq.com.br\/wp-content\/uploads\/2022\/04\/Aplicador-de-Inoculante-Forrageira-600x600.png","datePublished":"2022-03-10T16:52:16+00:00","dateModified":"2026-03-04T10:51:54+00:00","description":"Pulverizadores de pastagem! 400 litros, 600 litros, 800 litros, etc, pulverizador para mulas\/cavalos, entre outros, diversos modelos! Venha conferir!","breadcrumb":{"@id":"https:\/\/www.mecmaq.com.br\/produtos\/pulverizadores-agricolas\/#breadcrumb"},"inLanguage":"es","potentialAction":[{"@type":"ReadAction","target":["https:\/\/www.mecmaq.com.br\/produtos\/pulverizadores-agricolas\/"]}]},{"@type":"ImageObject","inLanguage":"es","@id":"https:\/\/www.mecmaq.com.br\/produtos\/pulverizadores-agricolas\/#primaryimage","url":"http:\/\/www.mecmaq.com.br\/wp-content\/uploads\/2022\/04\/Aplicador-de-Inoculante-Forrageira-600x600.png","contentUrl":"http:\/\/www.mecmaq.com.br\/wp-content\/uploads\/2022\/04\/Aplicador-de-Inoculante-Forrageira-600x600.png"},{"@type":"BreadcrumbList","@id":"https:\/\/www.mecmaq.com.br\/produtos\/pulverizadores-agricolas\/#breadcrumb","itemListElement":[{"@type":"ListItem","position":1,"name":"In\u00edcio","item":"https:\/\/www.mecmaq.com.br\/"},{"@type":"ListItem","position":2,"name":"Produtos","item":"https:\/\/www.mecmaq.com.br\/produtos\/"},{"@type":"ListItem","position":3,"name":"Pecuaria"}]},{"@type":"WebSite","@id":"https:\/\/www.mecmaq.com.br\/#website","url":"https:\/\/www.mecmaq.com.br\/","name":"Mecmaq","description":"M\u00e1quinas Agr\u00edcolas","potentialAction":[{"@type":"SearchAction","target":{"@type":"EntryPoint","urlTemplate":"https:\/\/www.mecmaq.com.br\/?s={search_term_string}"},"query-input":{"@type":"PropertyValueSpecification","valueRequired":true,"valueName":"search_term_string"}}],"inLanguage":"es"}]}},"_links":{"self":[{"href":"https:\/\/www.mecmaq.com.br\/es\/wp-json\/wp\/v2\/pages\/10821","targetHints":{"allow":["GET"]}}],"collection":[{"href":"https:\/\/www.mecmaq.com.br\/es\/wp-json\/wp\/v2\/pages"}],"about":[{"href":"https:\/\/www.mecmaq.com.br\/es\/wp-json\/wp\/v2\/types\/page"}],"author":[{"embeddable":true,"href":"https:\/\/www.mecmaq.com.br\/es\/wp-json\/wp\/v2\/users\/1"}],"replies":[{"embeddable":true,"href":"https:\/\/www.mecmaq.com.br\/es\/wp-json\/wp\/v2\/comments?post=10821"}],"version-history":[{"count":14,"href":"https:\/\/www.mecmaq.com.br\/es\/wp-json\/wp\/v2\/pages\/10821\/revisions"}],"predecessor-version":[{"id":11958,"href":"https:\/\/www.mecmaq.com.br\/es\/wp-json\/wp\/v2\/pages\/10821\/revisions\/11958"}],"up":[{"embeddable":true,"href":"https:\/\/www.mecmaq.com.br\/es\/wp-json\/wp\/v2\/pages\/8394"}],"wp:attachment":[{"href":"https:\/\/www.mecmaq.com.br\/es\/wp-json\/wp\/v2\/media?parent=10821"}],"curies":[{"name":"wp","href":"https:\/\/api.w.org\/{rel}","templated":true}]}}