{"id":10825,"date":"2022-03-10T13:53:03","date_gmt":"2022-03-10T16:53:03","guid":{"rendered":"http:\/\/www.mecmaq.com.br\/?page_id=10825"},"modified":"2026-02-12T09:43:07","modified_gmt":"2026-02-12T12:43:07","slug":"aplicacao-de-polimeros","status":"publish","type":"page","link":"https:\/\/www.mecmaq.com.br\/es\/produtos\/aplicacao-de-polimeros\/","title":{"rendered":"Aplicadores de Pol\u00edmero"},"content":{"rendered":"<div data-elementor-type=\"wp-page\" data-elementor-id=\"10825\" class=\"elementor elementor-10825\">\n\t\t\t\t\t\t<section class=\"elementor-section elementor-top-section elementor-element elementor-element-bf50e4a elementor-section-boxed elementor-section-height-default elementor-section-height-default\" data-id=\"bf50e4a\" data-element_type=\"section\">\n\t\t\t\t\t\t<div class=\"elementor-container elementor-column-gap-default\">\n\t\t\t\t\t<div class=\"elementor-column elementor-col-100 elementor-top-column elementor-element elementor-element-a2d7d0e top column-style-top\" data-id=\"a2d7d0e\" data-element_type=\"column\">\n\t\t\t<div class=\"elementor-widget-wrap elementor-element-populated\">\n\t\t\t\t\t\t<div class=\"elementor-element elementor-element-27752d4 elementor-widget elementor-widget-gva-heading-block\" data-id=\"27752d4\" data-element_type=\"widget\" data-widget_type=\"gva-heading-block.default\">\n\t\t\t\t<div class=\"elementor-widget-container\">\n\t\t\t\t\t<div class=\"gva-element-gva-heading-block gva-element\">   <div class=\"align-center style-1 widget gsc-heading box-align-left\">\r\n      <div class=\"content-inner\">\r\n         \r\n                  \r\n                     <div class=\"clearfix\"><div class=\"sub-title\"><span>Nuestros productos<\/span><\/div><\/div>\r\n           \r\n         \r\n                     <h2 class=\"title\">\r\n               <span>Aplicadores de Pol\u00edmeros<\/span>\r\n            <\/h2>\r\n                  \r\n         \r\n      <\/div>\r\n   <\/div>\r\n   <div class=\"clearfix\"><\/div>\r\n<\/div>\t\t\t\t<\/div>\n\t\t\t\t<\/div>\n\t\t\t\t<div class=\"elementor-element elementor-element-232d9c7 elementor-widget elementor-widget-gva-services\" data-id=\"232d9c7\" data-element_type=\"widget\" data-widget_type=\"gva-services.default\">\n\t\t\t\t<div class=\"elementor-widget-container\">\n\t\t\t\t\t<div class=\"gva-element-gva-services gva-element\">  \r\n  <div class=\"gva-services-grid clearfix gva-services\">\r\n      <div class=\"gva-content-items\"> \r\n        <div class=\"lg-block-grid-3 md-block-grid-3 sm-block-grid-2 xs-block-grid-1 xx-block-grid-1\">\r\n          <div class=\"item-columns\">\n<div class=\"item\">\n\n   <div class=\"service-item-v2\">     \n\n      \n\n      <div class=\"service-image\">\n\n         <a href=\"https:\/\/www.mecmaq.com.br\/es\/service\/compacta-fertilizante\/\"><img fetchpriority=\"high\" decoding=\"async\" width=\"600\" height=\"600\" src=\"https:\/\/www.mecmaq.com.br\/wp-content\/uploads\/2022\/03\/compacta-sem-fundo-600x600.png\" class=\"attachment-medium size-medium wp-post-image\" alt=\"\" srcset=\"https:\/\/www.mecmaq.com.br\/wp-content\/uploads\/2022\/03\/compacta-sem-fundo-600x600.png 600w, https:\/\/www.mecmaq.com.br\/wp-content\/uploads\/2022\/03\/compacta-sem-fundo-180x180.png 180w, https:\/\/www.mecmaq.com.br\/wp-content\/uploads\/2022\/03\/compacta-sem-fundo-11x12.png 11w, https:\/\/www.mecmaq.com.br\/wp-content\/uploads\/2022\/03\/compacta-sem-fundo-24x24.png 24w, https:\/\/www.mecmaq.com.br\/wp-content\/uploads\/2022\/03\/compacta-sem-fundo-48x48.png 48w, https:\/\/www.mecmaq.com.br\/wp-content\/uploads\/2022\/03\/compacta-sem-fundo-96x96.png 96w, https:\/\/www.mecmaq.com.br\/wp-content\/uploads\/2022\/03\/compacta-sem-fundo-150x150.png 150w, https:\/\/www.mecmaq.com.br\/wp-content\/uploads\/2022\/03\/compacta-sem-fundo-300x300.png 300w\" sizes=\"(max-width: 600px) 100vw, 600px\" \/><\/a>\n\n         \n      <\/div>   \n\n\n\n      <div class=\"service-content\">\n\n         <div class=\"content-inner\">\n\n            <h3 class=\"title\">\n\n               <a href=\"https:\/\/www.mecmaq.com.br\/es\/service\/compacta-fertilizante\/\">Compacta Fertilizante \u2013 16 ton\/h<\/a>\n\n            <\/h3>\n\n            <div class=\"desc\">Aplicador de Pol\u00edmeros en Fertilizantes o Urea<\/div> \n\n            <div class=\"readmore\">\n\n               <a class=\"btn-inline\" href=\"https:\/\/www.mecmaq.com.br\/es\/service\/compacta-fertilizante\/\"><span>Read More<\/span><\/a>\n\n            <\/div>\n\n         <\/div>    \n\n      <\/div>\n\n   <\/div>\n\n<\/div><\/div><div class=\"item-columns\">\n<div class=\"item\">\n\n   <div class=\"service-item-v2\">     \n\n      \n\n      <div class=\"service-image\">\n\n         <a href=\"https:\/\/www.mecmaq.com.br\/es\/service\/mec-fertil-monorosca-40-ton-h\/\"><img decoding=\"async\" width=\"600\" height=\"600\" src=\"https:\/\/www.mecmaq.com.br\/wp-content\/uploads\/2023\/01\/17f855f1-9ed3-4b82-8f3c-e378378cead3-600x600.png\" class=\"attachment-medium size-medium wp-post-image\" alt=\"\" srcset=\"https:\/\/www.mecmaq.com.br\/wp-content\/uploads\/2023\/01\/17f855f1-9ed3-4b82-8f3c-e378378cead3-600x600.png 600w, https:\/\/www.mecmaq.com.br\/wp-content\/uploads\/2023\/01\/17f855f1-9ed3-4b82-8f3c-e378378cead3-180x180.png 180w, https:\/\/www.mecmaq.com.br\/wp-content\/uploads\/2023\/01\/17f855f1-9ed3-4b82-8f3c-e378378cead3-24x24.png 24w, https:\/\/www.mecmaq.com.br\/wp-content\/uploads\/2023\/01\/17f855f1-9ed3-4b82-8f3c-e378378cead3-48x48.png 48w, https:\/\/www.mecmaq.com.br\/wp-content\/uploads\/2023\/01\/17f855f1-9ed3-4b82-8f3c-e378378cead3-96x96.png 96w, https:\/\/www.mecmaq.com.br\/wp-content\/uploads\/2023\/01\/17f855f1-9ed3-4b82-8f3c-e378378cead3-150x150.png 150w, https:\/\/www.mecmaq.com.br\/wp-content\/uploads\/2023\/01\/17f855f1-9ed3-4b82-8f3c-e378378cead3-300x300.png 300w\" sizes=\"(max-width: 600px) 100vw, 600px\" \/><\/a>\n\n         \n      <\/div>   \n\n\n\n      <div class=\"service-content\">\n\n         <div class=\"content-inner\">\n\n            <h3 class=\"title\">\n\n               <a href=\"https:\/\/www.mecmaq.com.br\/es\/service\/mec-fertil-monorosca-40-ton-h\/\">Mec F\u00e9rtil Estacion\u00e1ria &#8211; 40 ton\/h<\/a>\n\n            <\/h3>\n\n            <div class=\"desc\">Aplicador de Pol\u00edmeros en Fertilizantes o Urea<\/div> \n\n            <div class=\"readmore\">\n\n               <a class=\"btn-inline\" href=\"https:\/\/www.mecmaq.com.br\/es\/service\/mec-fertil-monorosca-40-ton-h\/\"><span>Read More<\/span><\/a>\n\n            <\/div>\n\n         <\/div>    \n\n      <\/div>\n\n   <\/div>\n\n<\/div><\/div>        <\/div>\r\n      <\/div>\r\n                <div class=\"pagination\">\r\n                        <\/div>\r\n        <\/div>\r\n  <\/div>\t\t\t\t<\/div>\n\t\t\t\t<\/div>\n\t\t\t\t\t<\/div>\n\t\t<\/div>\n\t\t\t\t\t<\/div>\n\t\t<\/section>\n\t\t\t\t<\/div>","protected":false},"excerpt":{"rendered":"<p>Nossos produtos Aplica\u00e7\u00e3o de Polimeros Compacta Fertilizante &#8211; 16 ton\/h Aplicador de Pol\u00edmeros em Fertilizantes ou Ureia Saiba mais Mec F\u00e9rtil Estacion\u00e1ria &#8211; 40 ton\/h Aplicador de Pol\u00edmeros em Fertilizantes ou Ureia Saiba mais<\/p>","protected":false},"author":1,"featured_media":0,"parent":8394,"menu_order":0,"comment_status":"closed","ping_status":"closed","template":"","meta":{"_joinchat":[],"footnotes":""},"class_list":["post-10825","page","type-page","status-publish","hentry"],"yoast_head":"<!-- This site is optimized with the Yoast SEO plugin v27.2 - https:\/\/yoast.com\/product\/yoast-seo-wordpress\/ -->\n<title>Aplica\u00e7\u00e3o de polimeros - Mecmaq<\/title>\n<meta name=\"robots\" content=\"index, follow, max-snippet:-1, max-image-preview:large, max-video-preview:-1\" \/>\n<link rel=\"canonical\" href=\"https:\/\/www.mecmaq.com.br\/es\/produtos\/aplicacao-de-polimeros\/\" \/>\n<meta property=\"og:locale\" content=\"es_ES\" \/>\n<meta property=\"og:type\" content=\"article\" \/>\n<meta property=\"og:title\" content=\"Aplica\u00e7\u00e3o de polimeros - Mecmaq\" \/>\n<meta property=\"og:description\" content=\"Nossos produtos Aplica\u00e7\u00e3o de Polimeros Compacta Fertilizante &#8211; 16 ton\/h Aplicador de Pol\u00edmeros em Fertilizantes ou Ureia Saiba mais Mec F\u00e9rtil Estacion\u00e1ria &#8211; 40 ton\/h Aplicador de Pol\u00edmeros em Fertilizantes ou Ureia Saiba mais\" \/>\n<meta property=\"og:url\" content=\"https:\/\/www.mecmaq.com.br\/es\/produtos\/aplicacao-de-polimeros\/\" \/>\n<meta property=\"og:site_name\" content=\"Mecmaq\" \/>\n<meta property=\"article:modified_time\" content=\"2026-02-12T12:43:07+00:00\" \/>\n<meta property=\"og:image\" content=\"https:\/\/www.mecmaq.com.br\/wp-content\/uploads\/2022\/03\/Compacta-Fertilizante-600x600.jpg\" \/>\n<meta name=\"twitter:card\" content=\"summary_large_image\" \/>\n<meta name=\"twitter:label1\" content=\"Tiempo de lectura\" \/>\n\t<meta name=\"twitter:data1\" content=\"1 minuto\" \/>\n<script type=\"application\/ld+json\" class=\"yoast-schema-graph\">{\"@context\":\"https:\/\/schema.org\",\"@graph\":[{\"@type\":\"WebPage\",\"@id\":\"https:\/\/www.mecmaq.com.br\/produtos\/aplicacao-de-polimeros\/\",\"url\":\"https:\/\/www.mecmaq.com.br\/produtos\/aplicacao-de-polimeros\/\",\"name\":\"Aplica\u00e7\u00e3o de polimeros - Mecmaq\",\"isPartOf\":{\"@id\":\"https:\/\/www.mecmaq.com.br\/#website\"},\"primaryImageOfPage\":{\"@id\":\"https:\/\/www.mecmaq.com.br\/produtos\/aplicacao-de-polimeros\/#primaryimage\"},\"image\":{\"@id\":\"https:\/\/www.mecmaq.com.br\/produtos\/aplicacao-de-polimeros\/#primaryimage\"},\"thumbnailUrl\":\"https:\/\/www.mecmaq.com.br\/wp-content\/uploads\/2022\/03\/Compacta-Fertilizante-600x600.jpg\",\"datePublished\":\"2022-03-10T16:53:03+00:00\",\"dateModified\":\"2026-02-12T12:43:07+00:00\",\"breadcrumb\":{\"@id\":\"https:\/\/www.mecmaq.com.br\/produtos\/aplicacao-de-polimeros\/#breadcrumb\"},\"inLanguage\":\"es\",\"potentialAction\":[{\"@type\":\"ReadAction\",\"target\":[\"https:\/\/www.mecmaq.com.br\/produtos\/aplicacao-de-polimeros\/\"]}]},{\"@type\":\"ImageObject\",\"inLanguage\":\"es\",\"@id\":\"https:\/\/www.mecmaq.com.br\/produtos\/aplicacao-de-polimeros\/#primaryimage\",\"url\":\"https:\/\/www.mecmaq.com.br\/wp-content\/uploads\/2022\/03\/Compacta-Fertilizante-600x600.jpg\",\"contentUrl\":\"https:\/\/www.mecmaq.com.br\/wp-content\/uploads\/2022\/03\/Compacta-Fertilizante-600x600.jpg\"},{\"@type\":\"BreadcrumbList\",\"@id\":\"https:\/\/www.mecmaq.com.br\/produtos\/aplicacao-de-polimeros\/#breadcrumb\",\"itemListElement\":[{\"@type\":\"ListItem\",\"position\":1,\"name\":\"In\u00edcio\",\"item\":\"https:\/\/www.mecmaq.com.br\/\"},{\"@type\":\"ListItem\",\"position\":2,\"name\":\"Produtos\",\"item\":\"https:\/\/www.mecmaq.com.br\/produtos\/\"},{\"@type\":\"ListItem\",\"position\":3,\"name\":\"Aplica\u00e7\u00e3o de polimeros\"}]},{\"@type\":\"WebSite\",\"@id\":\"https:\/\/www.mecmaq.com.br\/#website\",\"url\":\"https:\/\/www.mecmaq.com.br\/\",\"name\":\"Mecmaq\",\"description\":\"M\u00e1quinas Agr\u00edcolas\",\"potentialAction\":[{\"@type\":\"SearchAction\",\"target\":{\"@type\":\"EntryPoint\",\"urlTemplate\":\"https:\/\/www.mecmaq.com.br\/?s={search_term_string}\"},\"query-input\":{\"@type\":\"PropertyValueSpecification\",\"valueRequired\":true,\"valueName\":\"search_term_string\"}}],\"inLanguage\":\"es\"}]}<\/script>\n<!-- \/ Yoast SEO plugin. -->","yoast_head_json":{"title":"Aplica\u00e7\u00e3o de polimeros - Mecmaq","robots":{"index":"index","follow":"follow","max-snippet":"max-snippet:-1","max-image-preview":"max-image-preview:large","max-video-preview":"max-video-preview:-1"},"canonical":"https:\/\/www.mecmaq.com.br\/es\/produtos\/aplicacao-de-polimeros\/","og_locale":"es_ES","og_type":"article","og_title":"Aplica\u00e7\u00e3o de polimeros - Mecmaq","og_description":"Nossos produtos Aplica\u00e7\u00e3o de Polimeros Compacta Fertilizante &#8211; 16 ton\/h Aplicador de Pol\u00edmeros em Fertilizantes ou Ureia Saiba mais Mec F\u00e9rtil Estacion\u00e1ria &#8211; 40 ton\/h Aplicador de Pol\u00edmeros em Fertilizantes ou Ureia Saiba mais","og_url":"https:\/\/www.mecmaq.com.br\/es\/produtos\/aplicacao-de-polimeros\/","og_site_name":"Mecmaq","article_modified_time":"2026-02-12T12:43:07+00:00","og_image":[{"url":"https:\/\/www.mecmaq.com.br\/wp-content\/uploads\/2022\/03\/Compacta-Fertilizante-600x600.jpg","type":"","width":"","height":""}],"twitter_card":"summary_large_image","twitter_misc":{"Tiempo de lectura":"1 minuto"},"schema":{"@context":"https:\/\/schema.org","@graph":[{"@type":"WebPage","@id":"https:\/\/www.mecmaq.com.br\/produtos\/aplicacao-de-polimeros\/","url":"https:\/\/www.mecmaq.com.br\/produtos\/aplicacao-de-polimeros\/","name":"Aplica\u00e7\u00e3o de polimeros - Mecmaq","isPartOf":{"@id":"https:\/\/www.mecmaq.com.br\/#website"},"primaryImageOfPage":{"@id":"https:\/\/www.mecmaq.com.br\/produtos\/aplicacao-de-polimeros\/#primaryimage"},"image":{"@id":"https:\/\/www.mecmaq.com.br\/produtos\/aplicacao-de-polimeros\/#primaryimage"},"thumbnailUrl":"https:\/\/www.mecmaq.com.br\/wp-content\/uploads\/2022\/03\/Compacta-Fertilizante-600x600.jpg","datePublished":"2022-03-10T16:53:03+00:00","dateModified":"2026-02-12T12:43:07+00:00","breadcrumb":{"@id":"https:\/\/www.mecmaq.com.br\/produtos\/aplicacao-de-polimeros\/#breadcrumb"},"inLanguage":"es","potentialAction":[{"@type":"ReadAction","target":["https:\/\/www.mecmaq.com.br\/produtos\/aplicacao-de-polimeros\/"]}]},{"@type":"ImageObject","inLanguage":"es","@id":"https:\/\/www.mecmaq.com.br\/produtos\/aplicacao-de-polimeros\/#primaryimage","url":"https:\/\/www.mecmaq.com.br\/wp-content\/uploads\/2022\/03\/Compacta-Fertilizante-600x600.jpg","contentUrl":"https:\/\/www.mecmaq.com.br\/wp-content\/uploads\/2022\/03\/Compacta-Fertilizante-600x600.jpg"},{"@type":"BreadcrumbList","@id":"https:\/\/www.mecmaq.com.br\/produtos\/aplicacao-de-polimeros\/#breadcrumb","itemListElement":[{"@type":"ListItem","position":1,"name":"In\u00edcio","item":"https:\/\/www.mecmaq.com.br\/"},{"@type":"ListItem","position":2,"name":"Produtos","item":"https:\/\/www.mecmaq.com.br\/produtos\/"},{"@type":"ListItem","position":3,"name":"Aplica\u00e7\u00e3o de polimeros"}]},{"@type":"WebSite","@id":"https:\/\/www.mecmaq.com.br\/#website","url":"https:\/\/www.mecmaq.com.br\/","name":"Mecmaq","description":"M\u00e1quinas Agr\u00edcolas","potentialAction":[{"@type":"SearchAction","target":{"@type":"EntryPoint","urlTemplate":"https:\/\/www.mecmaq.com.br\/?s={search_term_string}"},"query-input":{"@type":"PropertyValueSpecification","valueRequired":true,"valueName":"search_term_string"}}],"inLanguage":"es"}]}},"_links":{"self":[{"href":"https:\/\/www.mecmaq.com.br\/es\/wp-json\/wp\/v2\/pages\/10825","targetHints":{"allow":["GET"]}}],"collection":[{"href":"https:\/\/www.mecmaq.com.br\/es\/wp-json\/wp\/v2\/pages"}],"about":[{"href":"https:\/\/www.mecmaq.com.br\/es\/wp-json\/wp\/v2\/types\/page"}],"author":[{"embeddable":true,"href":"https:\/\/www.mecmaq.com.br\/es\/wp-json\/wp\/v2\/users\/1"}],"replies":[{"embeddable":true,"href":"https:\/\/www.mecmaq.com.br\/es\/wp-json\/wp\/v2\/comments?post=10825"}],"version-history":[{"count":21,"href":"https:\/\/www.mecmaq.com.br\/es\/wp-json\/wp\/v2\/pages\/10825\/revisions"}],"predecessor-version":[{"id":14743,"href":"https:\/\/www.mecmaq.com.br\/es\/wp-json\/wp\/v2\/pages\/10825\/revisions\/14743"}],"up":[{"embeddable":true,"href":"https:\/\/www.mecmaq.com.br\/es\/wp-json\/wp\/v2\/pages\/8394"}],"wp:attachment":[{"href":"https:\/\/www.mecmaq.com.br\/es\/wp-json\/wp\/v2\/media?parent=10825"}],"curies":[{"name":"wp","href":"https:\/\/api.w.org\/{rel}","templated":true}]}}